{"id":200,"date":"2022-03-16T20:06:48","date_gmt":"2022-03-16T20:06:48","guid":{"rendered":"https:\/\/youthspain.com\/?page_id=200"},"modified":"2022-03-16T20:06:48","modified_gmt":"2022-03-16T20:06:48","slug":"academia","status":"publish","type":"page","link":"https:\/\/youthspain.com\/?page_id=200","title":{"rendered":"Academia"},"content":{"rendered":"\n<p><strong>Impulsa tus proyectos, cr\u00e9alos o mej\u00f3ralos junto con la delegaci\u00f3n y la ayuda de los grandes profesionales que asisten a la Youth Assembly.<\/strong><\/p>\n\n\n\n<p>Durante la asamblea, muchos proyectos obtienen un fuerte impulso al recibir consejos de expertos en distintas materias o de otros delegados.<\/p>\n\n\n\n<p>Adem\u00e1s, existen tres premio econ\u00f3micos para los mejores proyectos que se presenten al Impact Challenge: un gran premio de 10.000$ y dos de 2.500$.<\/p>\n","protected":false},"excerpt":{"rendered":"<p>Impulsa tus proyectos, cr\u00e9alos o mej\u00f3ralos junto con la delegaci\u00f3n y la ayuda de los grandes profesionales que asisten a la Youth Assembly. Durante la asamblea, muchos proyectos obtienen un fuerte impulso al recibir consejos de expertos en distintas materias o de otros delegados. Adem\u00e1s, existen tres premio econ\u00f3micos para [&hellip;]<\/p>\n","protected":false},"author":1,"featured_media":189,"parent":0,"menu_order":0,"comment_status":"closed","ping_status":"closed","template":"","meta":{"footnotes":""},"class_list":["post-200","page","type-page","status-publish","has-post-thumbnail","hentry"],"jetpack_sharing_enabled":true,"_links":{"self":[{"href":"https:\/\/youthspain.com\/index.php?rest_route=\/wp\/v2\/pages\/200","targetHints":{"allow":["GET"]}}],"collection":[{"href":"https:\/\/youthspain.com\/index.php?rest_route=\/wp\/v2\/pages"}],"about":[{"href":"https:\/\/youthspain.com\/index.php?rest_route=\/wp\/v2\/types\/page"}],"author":[{"embeddable":true,"href":"https:\/\/youthspain.com\/index.php?rest_route=\/wp\/v2\/users\/1"}],"replies":[{"embeddable":true,"href":"https:\/\/youthspain.com\/index.php?rest_route=%2Fwp%2Fv2%2Fcomments&post=200"}],"version-history":[{"count":1,"href":"https:\/\/youthspain.com\/index.php?rest_route=\/wp\/v2\/pages\/200\/revisions"}],"predecessor-version":[{"id":201,"href":"https:\/\/youthspain.com\/index.php?rest_route=\/wp\/v2\/pages\/200\/revisions\/201"}],"wp:featuredmedia":[{"embeddable":true,"href":"https:\/\/youthspain.com\/index.php?rest_route=\/wp\/v2\/media\/189"}],"wp:attachment":[{"href":"https:\/\/youthspain.com\/index.php?rest_route=%2Fwp%2Fv2%2Fmedia&parent=200"}],"curies":[{"name":"wp","href":"https:\/\/api.w.org\/{rel}","templated":true}]}}