{"id":217,"date":"2022-03-17T10:07:02","date_gmt":"2022-03-17T10:07:02","guid":{"rendered":"https:\/\/youthspain.com\/?page_id=217"},"modified":"2022-03-30T17:59:34","modified_gmt":"2022-03-30T17:59:34","slug":"javier-balbas","status":"publish","type":"page","link":"https:\/\/youthspain.com\/?page_id=217","title":{"rendered":"Javier Balb\u00e1s"},"content":{"rendered":"\n<p>Delegado en la 26\u00ba Youth Assembly,\u00a0<a href=\"https:\/\/www.instagram.com\/javi_balbasb\/\">@javi_balbasb<\/a>\u00a0es Ingeniero en Sistemas de Telecomunicaci\u00f3n por la\u00a0Universidad Europea\u00a0(Espa\u00f1a) y Electronics and Communications Engineer por la\u00a0University of Hertfordshire (UK). Como ingeniero, ha desarrollado los conocimientos y las habilidades t\u00e9cnicas requeridas para abordar los desaf\u00edos que la tecnolog\u00eda afronta a d\u00eda de hoy con el objetivo desarrollar un mundo m\u00e1s conectado y sostenible.<\/p>\n\n\n\n<p>Durante sus estudios en el M\u00e1ster Habilitante de Ingenier\u00eda de Telecomunicaci\u00f3n realiz\u00f3 las pr\u00e1cticas curriculares en la <a href=\"https:\/\/www.esa.int\/\">European Space Agency (ESA)<\/a>. Actualmente trabaja en la consultora p\u00fablica <a href=\"https:\/\/www.isdefe.es\/?language=en\" data-type=\"URL\" data-id=\"https:\/\/www.isdefe.es\/?language=en\">Ingenier\u00eda de Sistemas para la Defensa de Espa\u00f1a (Isdefe)<\/a> y recientemente ha sido seleccionado entre los 111 estudiantes con m\u00e1s potencial de Espa\u00f1a por la &#8220;<a href=\"https:\/\/www.novatalent.com\/111\/spain\/student-list\/2022\">Nova 111 Student List<\/a>&#8220;.<\/p>\n\n\n\n<p>Asimismo, ha tenido otras experiencias internacionales en diferentes cursos de verano, espec\u00edficamente,  en The Hague University of Applied Sciences\u00a0en La Haya (2017) y\u00a0en la Vrije Universiteit de Amsterdam (2018) a cerca de Liderazgo e Innovaciones Sostenible y como tambi\u00e9n en torno al desarrollo de la &#8220;Collaborative Economy&#8221; con respecto a las tendencias sociales en el siglo XXI.<\/p>\n\n\n\n<figure class=\"wp-block-image size-large\"><img loading=\"lazy\" decoding=\"async\" width=\"1012\" height=\"1024\" src=\"https:\/\/youthspain.com\/wp-content\/uploads\/2022\/03\/20220214_000525-1012x1024.jpg\" alt=\"\" class=\"wp-image-171\" srcset=\"https:\/\/youthspain.com\/wp-content\/uploads\/2022\/03\/20220214_000525-1012x1024.jpg 1012w, https:\/\/youthspain.com\/wp-content\/uploads\/2022\/03\/20220214_000525-297x300.jpg 297w, https:\/\/youthspain.com\/wp-content\/uploads\/2022\/03\/20220214_000525-768x777.jpg 768w, https:\/\/youthspain.com\/wp-content\/uploads\/2022\/03\/20220214_000525-1518x1536.jpg 1518w, https:\/\/youthspain.com\/wp-content\/uploads\/2022\/03\/20220214_000525-2024x2048.jpg 2024w\" sizes=\"auto, (max-width: 1012px) 100vw, 1012px\" \/><figcaption>Javier Balb\u00e1s<\/figcaption><\/figure>\n\n\n\n<p><\/p>\n","protected":false},"excerpt":{"rendered":"<p>Delegado en la 26\u00ba Youth Assembly,\u00a0@javi_balbasb\u00a0es Ingeniero en Sistemas de Telecomunicaci\u00f3n por la\u00a0Universidad Europea\u00a0(Espa\u00f1a) y Electronics and Communications Engineer por la\u00a0University of Hertfordshire (UK). Como ingeniero, ha desarrollado los conocimientos y las habilidades t\u00e9cnicas requeridas para abordar los desaf\u00edos que la tecnolog\u00eda afronta a d\u00eda de hoy con el objetivo [&hellip;]<\/p>\n","protected":false},"author":1,"featured_media":190,"parent":0,"menu_order":0,"comment_status":"closed","ping_status":"closed","template":"","meta":{"footnotes":""},"class_list":["post-217","page","type-page","status-publish","has-post-thumbnail","hentry"],"jetpack_sharing_enabled":true,"_links":{"self":[{"href":"https:\/\/youthspain.com\/index.php?rest_route=\/wp\/v2\/pages\/217","targetHints":{"allow":["GET"]}}],"collection":[{"href":"https:\/\/youthspain.com\/index.php?rest_route=\/wp\/v2\/pages"}],"about":[{"href":"https:\/\/youthspain.com\/index.php?rest_route=\/wp\/v2\/types\/page"}],"author":[{"embeddable":true,"href":"https:\/\/youthspain.com\/index.php?rest_route=\/wp\/v2\/users\/1"}],"replies":[{"embeddable":true,"href":"https:\/\/youthspain.com\/index.php?rest_route=%2Fwp%2Fv2%2Fcomments&post=217"}],"version-history":[{"count":5,"href":"https:\/\/youthspain.com\/index.php?rest_route=\/wp\/v2\/pages\/217\/revisions"}],"predecessor-version":[{"id":268,"href":"https:\/\/youthspain.com\/index.php?rest_route=\/wp\/v2\/pages\/217\/revisions\/268"}],"wp:featuredmedia":[{"embeddable":true,"href":"https:\/\/youthspain.com\/index.php?rest_route=\/wp\/v2\/media\/190"}],"wp:attachment":[{"href":"https:\/\/youthspain.com\/index.php?rest_route=%2Fwp%2Fv2%2Fmedia&parent=217"}],"curies":[{"name":"wp","href":"https:\/\/api.w.org\/{rel}","templated":true}]}}