{"id":233,"date":"2022-03-17T10:41:58","date_gmt":"2022-03-17T10:41:58","guid":{"rendered":"https:\/\/youthspain.com\/?page_id=233"},"modified":"2022-03-17T10:41:58","modified_gmt":"2022-03-17T10:41:58","slug":"gabriel-lopez","status":"publish","type":"page","link":"https:\/\/youthspain.com\/?page_id=233","title":{"rendered":"Gabriel L\u00f3pez"},"content":{"rendered":"\n<p>Delegado en la 27\u00ba Youth Assembly, <a href=\"https:\/\/www.instagram.com\/98lopz98\/\" data-type=\"URL\" data-id=\"https:\/\/www.instagram.com\/98lopz98\/\">@98lopz98<\/a> actualmente est\u00e1 cursando el M\u00e1ster Universitario en Gesti\u00f3n de Riesgos Financieros en la Universidad Pontificia de Comillas.<\/p>\n\n\n\n<p>Con los conocimientos adquiridos en el grado de Administraci\u00f3n y Direcci\u00f3n de Empresas y en el m\u00e1ster, busca la forma de unir la vida financiera con los objetivos de desarrollo sostenible de la agenda 2030.<br>Est\u00e1 muy interesado en los fondos de inversi\u00f3n sostenibles (verdes), las finanzas \u00e9ticas, y las empresas ESG (Environmental, Social, and corporate Governance). Busca aprender m\u00e1s sobre los distintos pasos que tomar\u00e1 el sector financiero para hacer frente a la creciente demanda y preocupaci\u00f3n social por el cambio clim\u00e1tico.<\/p>\n\n\n\n<p>Adem\u00e1s ha sido durante muchos a\u00f1os voluntario de C\u00e1ritas en la campa\u00f1a de navidad, y ha colaborado con distintos colegios en su localidad para dar apoyo a ni\u00f1os de familias desestructuradas.<\/p>\n\n\n\n<figure class=\"wp-block-image size-large\"><img loading=\"lazy\" decoding=\"async\" width=\"1024\" height=\"1024\" src=\"https:\/\/youthspain.com\/wp-content\/uploads\/2022\/03\/WhatsApp-Image-2022-03-02-at-11.54.59-AM-e1647513540527-1024x1024.jpg\" alt=\"\" class=\"wp-image-231\" srcset=\"https:\/\/youthspain.com\/wp-content\/uploads\/2022\/03\/WhatsApp-Image-2022-03-02-at-11.54.59-AM-e1647513540527-1024x1024.jpg 1024w, https:\/\/youthspain.com\/wp-content\/uploads\/2022\/03\/WhatsApp-Image-2022-03-02-at-11.54.59-AM-e1647513540527-300x300.jpg 300w, https:\/\/youthspain.com\/wp-content\/uploads\/2022\/03\/WhatsApp-Image-2022-03-02-at-11.54.59-AM-e1647513540527-150x150.jpg 150w, https:\/\/youthspain.com\/wp-content\/uploads\/2022\/03\/WhatsApp-Image-2022-03-02-at-11.54.59-AM-e1647513540527-768x769.jpg 768w, https:\/\/youthspain.com\/wp-content\/uploads\/2022\/03\/WhatsApp-Image-2022-03-02-at-11.54.59-AM-e1647513540527.jpg 1199w\" sizes=\"auto, (max-width: 1024px) 100vw, 1024px\" \/><figcaption>Gabriel L\u00f3pez<\/figcaption><\/figure>\n","protected":false},"excerpt":{"rendered":"<p>Delegado en la 27\u00ba Youth Assembly, @98lopz98 actualmente est\u00e1 cursando el M\u00e1ster Universitario en Gesti\u00f3n de Riesgos Financieros en la Universidad Pontificia de Comillas. Con los conocimientos adquiridos en el grado de Administraci\u00f3n y Direcci\u00f3n de Empresas y en el m\u00e1ster, busca la forma de unir la vida financiera con [&hellip;]<\/p>\n","protected":false},"author":1,"featured_media":190,"parent":0,"menu_order":0,"comment_status":"closed","ping_status":"closed","template":"","meta":{"footnotes":""},"class_list":["post-233","page","type-page","status-publish","has-post-thumbnail","hentry"],"jetpack_sharing_enabled":true,"_links":{"self":[{"href":"https:\/\/youthspain.com\/index.php?rest_route=\/wp\/v2\/pages\/233","targetHints":{"allow":["GET"]}}],"collection":[{"href":"https:\/\/youthspain.com\/index.php?rest_route=\/wp\/v2\/pages"}],"about":[{"href":"https:\/\/youthspain.com\/index.php?rest_route=\/wp\/v2\/types\/page"}],"author":[{"embeddable":true,"href":"https:\/\/youthspain.com\/index.php?rest_route=\/wp\/v2\/users\/1"}],"replies":[{"embeddable":true,"href":"https:\/\/youthspain.com\/index.php?rest_route=%2Fwp%2Fv2%2Fcomments&post=233"}],"version-history":[{"count":1,"href":"https:\/\/youthspain.com\/index.php?rest_route=\/wp\/v2\/pages\/233\/revisions"}],"predecessor-version":[{"id":234,"href":"https:\/\/youthspain.com\/index.php?rest_route=\/wp\/v2\/pages\/233\/revisions\/234"}],"wp:featuredmedia":[{"embeddable":true,"href":"https:\/\/youthspain.com\/index.php?rest_route=\/wp\/v2\/media\/190"}],"wp:attachment":[{"href":"https:\/\/youthspain.com\/index.php?rest_route=%2Fwp%2Fv2%2Fmedia&parent=233"}],"curies":[{"name":"wp","href":"https:\/\/api.w.org\/{rel}","templated":true}]}}