{"id":248,"date":"2022-03-20T16:58:21","date_gmt":"2022-03-20T16:58:21","guid":{"rendered":"https:\/\/youthspain.com\/?page_id=248"},"modified":"2023-12-29T18:41:53","modified_gmt":"2023-12-29T18:41:53","slug":"248-2","status":"publish","type":"page","link":"https:\/\/youthspain.com\/?page_id=248","title":{"rendered":"Alejandro de Andr\u00e9s"},"content":{"rendered":"\n<p>Delegado en la 26\u00ba y en la 28\u00ba Youth Assembly, <a href=\"https:\/\/www.instagram.com\/alexdea1\/\">@alexdea1<\/a> es graduado de Administraci\u00f3n y Direcci\u00f3n de Empresas en la Universidad Rey Juan Carlos y consultor en una Big 4.<\/p>\n\n\n\n<p>Cre\u00f3 easycommute, junto a dos compa\u00f1eros de clase, una iniciativa concienciada con el medio ambiente la cual conecta a estudiantes que van a la universidad, para compartir coche y as\u00ed reducir las emisiones de CO2.<\/p>\n\n\n\n<p>Ha formado parte de numerosos cursos de debate y oratoria a lo largo de su carrera universitaria habiendo participado en 3 torneos y varios modelos de las Naciones Unidas.<\/p>\n\n\n\n<p>A su vez a Alejandro le gusta ayudar a los mas necesitados habiendo sido voluntario en un banco de alimentos proporcionando comida a aquellos no pod\u00edan permit\u00edrsela, en el Hospital Cl\u00ednico San Carlos ofreciendo compa\u00f1\u00eda a aquella gente hospitalizada y siendo voluntario en Cruz Roja.<\/p>\n\n\n\n<figure class=\"wp-block-image size-large\"><img loading=\"lazy\" decoding=\"async\" width=\"1024\" height=\"1024\" src=\"https:\/\/youthspain.com\/wp-content\/uploads\/2022\/03\/WhatsApp-Image-2021-12-17-at-1.28.23-AM-e1647457715534-1024x1024.jpg\" alt=\"\" class=\"wp-image-174\" srcset=\"https:\/\/youthspain.com\/wp-content\/uploads\/2022\/03\/WhatsApp-Image-2021-12-17-at-1.28.23-AM-e1647457715534-1024x1024.jpg 1024w, https:\/\/youthspain.com\/wp-content\/uploads\/2022\/03\/WhatsApp-Image-2021-12-17-at-1.28.23-AM-e1647457715534-300x300.jpg 300w, https:\/\/youthspain.com\/wp-content\/uploads\/2022\/03\/WhatsApp-Image-2021-12-17-at-1.28.23-AM-e1647457715534-150x150.jpg 150w, https:\/\/youthspain.com\/wp-content\/uploads\/2022\/03\/WhatsApp-Image-2021-12-17-at-1.28.23-AM-e1647457715534-768x768.jpg 768w, https:\/\/youthspain.com\/wp-content\/uploads\/2022\/03\/WhatsApp-Image-2021-12-17-at-1.28.23-AM-e1647457715534.jpg 1233w\" sizes=\"auto, (max-width: 1024px) 100vw, 1024px\" \/><figcaption class=\"wp-element-caption\">Alejandro de Andr\u00e9s<\/figcaption><\/figure>\n","protected":false},"excerpt":{"rendered":"<p>Delegado en la 26\u00ba y en la 28\u00ba Youth Assembly, @alexdea1 es graduado de Administraci\u00f3n y Direcci\u00f3n de Empresas en la Universidad Rey Juan Carlos y consultor en una Big 4. Cre\u00f3 easycommute, junto a dos compa\u00f1eros de clase, una iniciativa concienciada con el medio ambiente la cual conecta a [&hellip;]<\/p>\n","protected":false},"author":1,"featured_media":190,"parent":0,"menu_order":0,"comment_status":"closed","ping_status":"closed","template":"","meta":{"footnotes":""},"class_list":["post-248","page","type-page","status-publish","has-post-thumbnail","hentry"],"jetpack_sharing_enabled":true,"_links":{"self":[{"href":"https:\/\/youthspain.com\/index.php?rest_route=\/wp\/v2\/pages\/248","targetHints":{"allow":["GET"]}}],"collection":[{"href":"https:\/\/youthspain.com\/index.php?rest_route=\/wp\/v2\/pages"}],"about":[{"href":"https:\/\/youthspain.com\/index.php?rest_route=\/wp\/v2\/types\/page"}],"author":[{"embeddable":true,"href":"https:\/\/youthspain.com\/index.php?rest_route=\/wp\/v2\/users\/1"}],"replies":[{"embeddable":true,"href":"https:\/\/youthspain.com\/index.php?rest_route=%2Fwp%2Fv2%2Fcomments&post=248"}],"version-history":[{"count":3,"href":"https:\/\/youthspain.com\/index.php?rest_route=\/wp\/v2\/pages\/248\/revisions"}],"predecessor-version":[{"id":500,"href":"https:\/\/youthspain.com\/index.php?rest_route=\/wp\/v2\/pages\/248\/revisions\/500"}],"wp:featuredmedia":[{"embeddable":true,"href":"https:\/\/youthspain.com\/index.php?rest_route=\/wp\/v2\/media\/190"}],"wp:attachment":[{"href":"https:\/\/youthspain.com\/index.php?rest_route=%2Fwp%2Fv2%2Fmedia&parent=248"}],"curies":[{"name":"wp","href":"https:\/\/api.w.org\/{rel}","templated":true}]}}