{"id":263,"date":"2022-03-30T10:15:27","date_gmt":"2022-03-30T10:15:27","guid":{"rendered":"https:\/\/youthspain.com\/?page_id=263"},"modified":"2022-03-30T10:15:27","modified_gmt":"2022-03-30T10:15:27","slug":"paula-rossignoli","status":"publish","type":"page","link":"https:\/\/youthspain.com\/?page_id=263","title":{"rendered":"Paula Rossignoli"},"content":{"rendered":"\n<p>Estudiante de la Carlos III de Estudios Internacionales y Derecho, <a href=\"https:\/\/www.instagram.com\/apu_rossig\/\" data-type=\"URL\" data-id=\"https:\/\/www.instagram.com\/apu_rossig\/\">@apu_rossig<\/a> representar\u00e1 a su universidad en la 27\u00ba Youth Assembly. Con la juventud como actor principal, el proyecto que presentar\u00e1 es la muestra del impacto real y positivo de los ODS en la comunidad.<\/p>\n\n\n\n<p>Como universitaria, dirige sus estudios en la universidad hacia el an\u00e1lsis de las desigualdades en el mundo y sus causas, prestando especial atenci\u00f3n al derecho internacional p\u00fablico y a las relaciones estatales, en las que espera poder especializarse en un futuro. Asimismo, est\u00e1 muy interesada en los derechos humanos y en un desarrollo justo y sostenible a nivel global.<\/p>\n\n\n\n<p>Desde el colegio, participa en diferentes voluntariados y actividades que buscan promover la justicia social, con organismos como la Cruz Roja. Ha participado en dos Conferencias Nacionales de Esri presentando trabajos de investigaci\u00f3n basados en el \u00edndice de desarrollo humano, el desarrollo y los derechos humanos, al igual que fue parte de la INSTO Meeting del 2017 de la Agencia para el Turismo de las Naciones Unidas. Actualmente participa en Modelos de Naciones Unidas.<\/p>\n\n\n\n<figure class=\"wp-block-image size-full\"><img loading=\"lazy\" decoding=\"async\" width=\"855\" height=\"855\" src=\"https:\/\/youthspain.com\/wp-content\/uploads\/2022\/03\/IMG-20220328-WA0027-e1648631074356.jpg\" alt=\"\" class=\"wp-image-261\" srcset=\"https:\/\/youthspain.com\/wp-content\/uploads\/2022\/03\/IMG-20220328-WA0027-e1648631074356.jpg 855w, https:\/\/youthspain.com\/wp-content\/uploads\/2022\/03\/IMG-20220328-WA0027-e1648631074356-300x300.jpg 300w, https:\/\/youthspain.com\/wp-content\/uploads\/2022\/03\/IMG-20220328-WA0027-e1648631074356-150x150.jpg 150w, https:\/\/youthspain.com\/wp-content\/uploads\/2022\/03\/IMG-20220328-WA0027-e1648631074356-768x768.jpg 768w\" sizes=\"auto, (max-width: 855px) 100vw, 855px\" \/><figcaption>Paula Rossignoli<\/figcaption><\/figure>\n","protected":false},"excerpt":{"rendered":"<p>Estudiante de la Carlos III de Estudios Internacionales y Derecho, @apu_rossig representar\u00e1 a su universidad en la 27\u00ba Youth Assembly. Con la juventud como actor principal, el proyecto que presentar\u00e1 es la muestra del impacto real y positivo de los ODS en la comunidad. Como universitaria, dirige sus estudios en [&hellip;]<\/p>\n","protected":false},"author":1,"featured_media":190,"parent":0,"menu_order":0,"comment_status":"closed","ping_status":"closed","template":"","meta":{"footnotes":""},"class_list":["post-263","page","type-page","status-publish","has-post-thumbnail","hentry"],"jetpack_sharing_enabled":true,"_links":{"self":[{"href":"https:\/\/youthspain.com\/index.php?rest_route=\/wp\/v2\/pages\/263","targetHints":{"allow":["GET"]}}],"collection":[{"href":"https:\/\/youthspain.com\/index.php?rest_route=\/wp\/v2\/pages"}],"about":[{"href":"https:\/\/youthspain.com\/index.php?rest_route=\/wp\/v2\/types\/page"}],"author":[{"embeddable":true,"href":"https:\/\/youthspain.com\/index.php?rest_route=\/wp\/v2\/users\/1"}],"replies":[{"embeddable":true,"href":"https:\/\/youthspain.com\/index.php?rest_route=%2Fwp%2Fv2%2Fcomments&post=263"}],"version-history":[{"count":1,"href":"https:\/\/youthspain.com\/index.php?rest_route=\/wp\/v2\/pages\/263\/revisions"}],"predecessor-version":[{"id":264,"href":"https:\/\/youthspain.com\/index.php?rest_route=\/wp\/v2\/pages\/263\/revisions\/264"}],"wp:featuredmedia":[{"embeddable":true,"href":"https:\/\/youthspain.com\/index.php?rest_route=\/wp\/v2\/media\/190"}],"wp:attachment":[{"href":"https:\/\/youthspain.com\/index.php?rest_route=%2Fwp%2Fv2%2Fmedia&parent=263"}],"curies":[{"name":"wp","href":"https:\/\/api.w.org\/{rel}","templated":true}]}}