{"id":299,"date":"2022-05-31T16:16:19","date_gmt":"2022-05-31T16:16:19","guid":{"rendered":"https:\/\/youthspain.com\/?page_id=299"},"modified":"2022-05-31T16:18:19","modified_gmt":"2022-05-31T16:18:19","slug":"anton-reboredo","status":"publish","type":"page","link":"https:\/\/youthspain.com\/?page_id=299","title":{"rendered":"Ant\u00f3n Reboredo"},"content":{"rendered":"\n<p>Delegado en la 27\u00ba Youth Assembly, <a href=\"https:\/\/www.instagram.com\/antonreboredo\/\" data-type=\"URL\" data-id=\"https:\/\/www.instagram.com\/antonreboredo\/\">@antonreboredo<\/a> es un estudiante de Global Studies en la Universidad de Salamanca, lo que le ha permitido acercarse al mundo de la pol\u00edtica y el derecho internacional<br>Nacido en Vigo, Galicia, ha participado en voluntariados en la recogida de residuos en las playas y en la recogida de alimentos para familias necesitadas a nivel local, adem\u00e1s de ayudar en la organizaci\u00f3n de charlas para la concienciaci\u00f3n y prevenci\u00f3n de la anorexia y la bulimia para ABAP.<br>Ahora, mientras hace sus estudios, que le han ayudado a conocer m\u00e1s sobre los ODS y la agenda 2030, ha ejercido de voluntario en un refugio de animales de Salamanca y ha participado en experiencias en oratoria como Munusal (Model United Nations en la Usal) que han hecho que su inter\u00e9s en organizaciones internacionales como la ONU solo crezcan.<\/p>\n\n\n\n<figure class=\"wp-block-image size-large\"><img loading=\"lazy\" decoding=\"async\" width=\"1024\" height=\"1024\" src=\"https:\/\/youthspain.com\/wp-content\/uploads\/2022\/05\/pic-scaled-e1654013624615-1024x1024.jpg\" alt=\"\" class=\"wp-image-301\" srcset=\"https:\/\/youthspain.com\/wp-content\/uploads\/2022\/05\/pic-scaled-e1654013624615-1024x1024.jpg 1024w, https:\/\/youthspain.com\/wp-content\/uploads\/2022\/05\/pic-scaled-e1654013624615-300x300.jpg 300w, https:\/\/youthspain.com\/wp-content\/uploads\/2022\/05\/pic-scaled-e1654013624615-150x150.jpg 150w, https:\/\/youthspain.com\/wp-content\/uploads\/2022\/05\/pic-scaled-e1654013624615-768x768.jpg 768w, https:\/\/youthspain.com\/wp-content\/uploads\/2022\/05\/pic-scaled-e1654013624615-1536x1536.jpg 1536w, https:\/\/youthspain.com\/wp-content\/uploads\/2022\/05\/pic-scaled-e1654013624615.jpg 1920w\" sizes=\"auto, (max-width: 1024px) 100vw, 1024px\" \/><\/figure>\n\n\n\n<p>Ant\u00f3n Reboredo<\/p>\n","protected":false},"excerpt":{"rendered":"<p>Delegado en la 27\u00ba Youth Assembly, @antonreboredo es un estudiante de Global Studies en la Universidad de Salamanca, lo que le ha permitido acercarse al mundo de la pol\u00edtica y el derecho internacionalNacido en Vigo, Galicia, ha participado en voluntariados en la recogida de residuos en las playas y en [&hellip;]<\/p>\n","protected":false},"author":1,"featured_media":190,"parent":0,"menu_order":0,"comment_status":"closed","ping_status":"closed","template":"","meta":{"footnotes":""},"class_list":["post-299","page","type-page","status-publish","has-post-thumbnail","hentry"],"jetpack_sharing_enabled":true,"_links":{"self":[{"href":"https:\/\/youthspain.com\/index.php?rest_route=\/wp\/v2\/pages\/299","targetHints":{"allow":["GET"]}}],"collection":[{"href":"https:\/\/youthspain.com\/index.php?rest_route=\/wp\/v2\/pages"}],"about":[{"href":"https:\/\/youthspain.com\/index.php?rest_route=\/wp\/v2\/types\/page"}],"author":[{"embeddable":true,"href":"https:\/\/youthspain.com\/index.php?rest_route=\/wp\/v2\/users\/1"}],"replies":[{"embeddable":true,"href":"https:\/\/youthspain.com\/index.php?rest_route=%2Fwp%2Fv2%2Fcomments&post=299"}],"version-history":[{"count":1,"href":"https:\/\/youthspain.com\/index.php?rest_route=\/wp\/v2\/pages\/299\/revisions"}],"predecessor-version":[{"id":302,"href":"https:\/\/youthspain.com\/index.php?rest_route=\/wp\/v2\/pages\/299\/revisions\/302"}],"wp:featuredmedia":[{"embeddable":true,"href":"https:\/\/youthspain.com\/index.php?rest_route=\/wp\/v2\/media\/190"}],"wp:attachment":[{"href":"https:\/\/youthspain.com\/index.php?rest_route=%2Fwp%2Fv2%2Fmedia&parent=299"}],"curies":[{"name":"wp","href":"https:\/\/api.w.org\/{rel}","templated":true}]}}