{"id":347,"date":"2022-09-22T17:59:30","date_gmt":"2022-09-22T17:59:30","guid":{"rendered":"https:\/\/youthspain.com\/?page_id=347"},"modified":"2024-11-06T11:31:31","modified_gmt":"2024-11-06T11:31:31","slug":"alumni","status":"publish","type":"page","link":"https:\/\/youthspain.com\/?page_id=347","title":{"rendered":"Alumni"},"content":{"rendered":"\n<p>La Delegaci\u00f3n Espa\u00f1ola en la Youth Assembly cuenta con un amplio recorrido repleto de magn\u00edficos delegados que, durante a\u00f1os, han participado en las distintas sesiones de esta prestigiosa asamblea.<\/p>\n\n\n\n<p>Alguno de ellos han presentado, de mano de la delegaci\u00f3n, grandes proyectos con una alta implicaci\u00f3n a nivel nacional e internacionalm, desde una forma de detectar neumon\u00edas utilizando inteligencia artificial hasta una plataforma presente en Espa\u00f1a y Qatar para facilitar el carsharing sostenible pasando por innumerables proyectos de acci\u00f3n social.<\/p>\n\n\n\n<p>El paso por la Delegaci\u00f3n Espa\u00f1ola y por la Youth Assembly ha potenciado significativa la carrera laboral y acad\u00e9mica de todos los delegados, ampliando sus puntos de vista y dando una visi\u00f3n internacional a cada uno de ellos, algo imprescindible en el mundo en el que vivimos.<\/p>\n\n\n\n<p class=\"has-text-align-center\"><strong>Fundadores<\/strong><br>El equipo que particip\u00f3 e la creaci\u00f3n de la Delegaci\u00f3n Espa\u00f1ola en la Youth Assembly<\/p>\n\n\n\n<figure class=\"wp-block-gallery has-nested-images columns-default is-cropped wp-block-gallery-1 is-layout-flex wp-block-gallery-is-layout-flex\">\n<figure class=\"wp-block-image size-large\"><a href=\"https:\/\/youthspain.com\/?page_id=248\"><img loading=\"lazy\" decoding=\"async\" width=\"1024\" height=\"1024\" data-id=\"174\" src=\"https:\/\/youthspain.com\/wp-content\/uploads\/2022\/03\/WhatsApp-Image-2021-12-17-at-1.28.23-AM-e1647457715534-1024x1024.jpg\" alt=\"\" class=\"wp-image-174\" srcset=\"https:\/\/youthspain.com\/wp-content\/uploads\/2022\/03\/WhatsApp-Image-2021-12-17-at-1.28.23-AM-e1647457715534-1024x1024.jpg 1024w, https:\/\/youthspain.com\/wp-content\/uploads\/2022\/03\/WhatsApp-Image-2021-12-17-at-1.28.23-AM-e1647457715534-300x300.jpg 300w, https:\/\/youthspain.com\/wp-content\/uploads\/2022\/03\/WhatsApp-Image-2021-12-17-at-1.28.23-AM-e1647457715534-150x150.jpg 150w, https:\/\/youthspain.com\/wp-content\/uploads\/2022\/03\/WhatsApp-Image-2021-12-17-at-1.28.23-AM-e1647457715534-768x768.jpg 768w, https:\/\/youthspain.com\/wp-content\/uploads\/2022\/03\/WhatsApp-Image-2021-12-17-at-1.28.23-AM-e1647457715534.jpg 1233w\" sizes=\"auto, (max-width: 1024px) 100vw, 1024px\" \/><\/a><figcaption class=\"wp-element-caption\">Alejandro de Andr\u00e9s<\/figcaption><\/figure>\n\n\n\n<figure class=\"wp-block-image size-large\"><a href=\"https:\/\/youthspain.com\/?page_id=354\"><img loading=\"lazy\" decoding=\"async\" width=\"1019\" height=\"1019\" data-id=\"352\" src=\"https:\/\/youthspain.com\/wp-content\/uploads\/2022\/09\/Mikel-Berlanga.jpg\" alt=\"\" class=\"wp-image-352\" srcset=\"https:\/\/youthspain.com\/wp-content\/uploads\/2022\/09\/Mikel-Berlanga.jpg 1019w, https:\/\/youthspain.com\/wp-content\/uploads\/2022\/09\/Mikel-Berlanga-300x300.jpg 300w, https:\/\/youthspain.com\/wp-content\/uploads\/2022\/09\/Mikel-Berlanga-150x150.jpg 150w, https:\/\/youthspain.com\/wp-content\/uploads\/2022\/09\/Mikel-Berlanga-768x768.jpg 768w\" sizes=\"auto, (max-width: 1019px) 100vw, 1019px\" \/><\/a><figcaption class=\"wp-element-caption\">Mikel Berlanga<\/figcaption><\/figure>\n<\/figure>\n\n\n\n<p><\/p>\n\n\n\n<hr class=\"wp-block-separator has-text-color has-black-color has-alpha-channel-opacity has-black-background-color has-background is-style-default\"\/>\n\n\n\n<p class=\"has-text-align-center\"><strong>Antiguos delegados de la Youth Assembly<\/strong><br>Todos los delegados que han participado en las distintas ediciones de la Youth Assembly<\/p>\n\n\n\n<figure class=\"wp-block-gallery has-nested-images columns-default is-cropped wp-block-gallery-2 is-layout-flex wp-block-gallery-is-layout-flex\">\n<figure class=\"wp-block-image size-large\"><img loading=\"lazy\" decoding=\"async\" width=\"699\" height=\"329\" data-id=\"572\" src=\"https:\/\/youthspain.com\/wp-content\/uploads\/2024\/11\/WhatsApp-Image-2023-12-29-at-21.29.17-e1704402790592-edited.jpeg\" alt=\"\" class=\"wp-image-572\" srcset=\"https:\/\/youthspain.com\/wp-content\/uploads\/2024\/11\/WhatsApp-Image-2023-12-29-at-21.29.17-e1704402790592-edited.jpeg 699w, https:\/\/youthspain.com\/wp-content\/uploads\/2024\/11\/WhatsApp-Image-2023-12-29-at-21.29.17-e1704402790592-edited-300x141.jpeg 300w\" sizes=\"auto, (max-width: 699px) 100vw, 699px\" \/><figcaption class=\"wp-element-caption\">Ana \u00c1lvarez<\/figcaption><\/figure>\n\n\n\n<figure class=\"wp-block-image size-large\"><img loading=\"lazy\" decoding=\"async\" width=\"1024\" height=\"1024\" data-id=\"502\" src=\"https:\/\/youthspain.com\/wp-content\/uploads\/2023\/12\/IMG_6092-e1703875574501-1024x1024.jpg\" alt=\"\" class=\"wp-image-502\" srcset=\"https:\/\/youthspain.com\/wp-content\/uploads\/2023\/12\/IMG_6092-e1703875574501-1024x1024.jpg 1024w, https:\/\/youthspain.com\/wp-content\/uploads\/2023\/12\/IMG_6092-e1703875574501-300x300.jpg 300w, https:\/\/youthspain.com\/wp-content\/uploads\/2023\/12\/IMG_6092-e1703875574501-150x150.jpg 150w, https:\/\/youthspain.com\/wp-content\/uploads\/2023\/12\/IMG_6092-e1703875574501-768x768.jpg 768w, https:\/\/youthspain.com\/wp-content\/uploads\/2023\/12\/IMG_6092-e1703875574501.jpg 1401w\" sizes=\"auto, (max-width: 1024px) 100vw, 1024px\" \/><figcaption class=\"wp-element-caption\">Gabriela \u00c1lvarez<\/figcaption><\/figure>\n\n\n\n<figure class=\"wp-block-image size-large\"><img loading=\"lazy\" decoding=\"async\" width=\"1024\" height=\"1024\" data-id=\"523\" src=\"https:\/\/youthspain.com\/wp-content\/uploads\/2024\/01\/IMG_4696-scaled-e1706719510151-1024x1024.jpeg\" alt=\"\" class=\"wp-image-523\" srcset=\"https:\/\/youthspain.com\/wp-content\/uploads\/2024\/01\/IMG_4696-scaled-e1706719510151-1024x1024.jpeg 1024w, https:\/\/youthspain.com\/wp-content\/uploads\/2024\/01\/IMG_4696-scaled-e1706719510151-300x300.jpeg 300w, https:\/\/youthspain.com\/wp-content\/uploads\/2024\/01\/IMG_4696-scaled-e1706719510151-150x150.jpeg 150w, https:\/\/youthspain.com\/wp-content\/uploads\/2024\/01\/IMG_4696-scaled-e1706719510151-768x768.jpeg 768w, https:\/\/youthspain.com\/wp-content\/uploads\/2024\/01\/IMG_4696-scaled-e1706719510151-1536x1536.jpeg 1536w, https:\/\/youthspain.com\/wp-content\/uploads\/2024\/01\/IMG_4696-scaled-e1706719510151.jpeg 1920w\" sizes=\"auto, (max-width: 1024px) 100vw, 1024px\" \/><figcaption class=\"wp-element-caption\">Jimena Bosque<\/figcaption><\/figure>\n\n\n\n<figure class=\"wp-block-image size-large\"><img loading=\"lazy\" decoding=\"async\" width=\"530\" height=\"530\" data-id=\"571\" src=\"https:\/\/youthspain.com\/wp-content\/uploads\/2024\/11\/WhatsApp-Image-2024-01-03-at-09.57.32-1-edited.jpeg\" alt=\"\" class=\"wp-image-571\" srcset=\"https:\/\/youthspain.com\/wp-content\/uploads\/2024\/11\/WhatsApp-Image-2024-01-03-at-09.57.32-1-edited.jpeg 530w, https:\/\/youthspain.com\/wp-content\/uploads\/2024\/11\/WhatsApp-Image-2024-01-03-at-09.57.32-1-edited-300x300.jpeg 300w, https:\/\/youthspain.com\/wp-content\/uploads\/2024\/11\/WhatsApp-Image-2024-01-03-at-09.57.32-1-edited-150x150.jpeg 150w\" sizes=\"auto, (max-width: 530px) 100vw, 530px\" \/><figcaption class=\"wp-element-caption\">Sof\u00eda Garay<\/figcaption><\/figure>\n\n\n\n<figure class=\"wp-block-image size-large\"><img loading=\"lazy\" decoding=\"async\" width=\"561\" height=\"296\" data-id=\"569\" src=\"https:\/\/youthspain.com\/wp-content\/uploads\/2024\/11\/WhatsApp-Image-2024-01-15-at-21.11.32-e1706720525614-edited.jpeg\" alt=\"\" class=\"wp-image-569\" srcset=\"https:\/\/youthspain.com\/wp-content\/uploads\/2024\/11\/WhatsApp-Image-2024-01-15-at-21.11.32-e1706720525614-edited.jpeg 561w, https:\/\/youthspain.com\/wp-content\/uploads\/2024\/11\/WhatsApp-Image-2024-01-15-at-21.11.32-e1706720525614-edited-300x158.jpeg 300w\" sizes=\"auto, (max-width: 561px) 100vw, 561px\" \/><figcaption class=\"wp-element-caption\">Emma Cabezaolias<\/figcaption><\/figure>\n\n\n\n<figure class=\"wp-block-image size-large\"><img loading=\"lazy\" decoding=\"async\" width=\"958\" height=\"645\" data-id=\"570\" src=\"https:\/\/youthspain.com\/wp-content\/uploads\/2024\/11\/thumbnail_IMG_2555-e1730892568198-edited.jpg\" alt=\"\" class=\"wp-image-570\" srcset=\"https:\/\/youthspain.com\/wp-content\/uploads\/2024\/11\/thumbnail_IMG_2555-e1730892568198-edited.jpg 958w, https:\/\/youthspain.com\/wp-content\/uploads\/2024\/11\/thumbnail_IMG_2555-e1730892568198-edited-300x202.jpg 300w, https:\/\/youthspain.com\/wp-content\/uploads\/2024\/11\/thumbnail_IMG_2555-e1730892568198-edited-768x517.jpg 768w\" sizes=\"auto, (max-width: 958px) 100vw, 958px\" \/><figcaption class=\"wp-element-caption\">Claudia S\u00e1nchez<\/figcaption><\/figure>\n\n\n\n<figure class=\"wp-block-image size-large\"><a href=\"https:\/\/youthspain.com\/?page_id=427\"><img loading=\"lazy\" decoding=\"async\" width=\"1024\" height=\"1024\" data-id=\"411\" src=\"https:\/\/youthspain.com\/wp-content\/uploads\/2023\/07\/IMG_0875-scaled-e1689409004543-1024x1024.jpg\" alt=\"\" class=\"wp-image-411\" srcset=\"https:\/\/youthspain.com\/wp-content\/uploads\/2023\/07\/IMG_0875-scaled-e1689409004543-1024x1024.jpg 1024w, https:\/\/youthspain.com\/wp-content\/uploads\/2023\/07\/IMG_0875-scaled-e1689409004543-300x300.jpg 300w, https:\/\/youthspain.com\/wp-content\/uploads\/2023\/07\/IMG_0875-scaled-e1689409004543-150x150.jpg 150w, https:\/\/youthspain.com\/wp-content\/uploads\/2023\/07\/IMG_0875-scaled-e1689409004543-768x768.jpg 768w, https:\/\/youthspain.com\/wp-content\/uploads\/2023\/07\/IMG_0875-scaled-e1689409004543-1536x1536.jpg 1536w, https:\/\/youthspain.com\/wp-content\/uploads\/2023\/07\/IMG_0875-scaled-e1689409004543.jpg 1920w\" sizes=\"auto, (max-width: 1024px) 100vw, 1024px\" \/><\/a><figcaption class=\"wp-element-caption\">Claudia Vidal<\/figcaption><\/figure>\n\n\n\n<figure class=\"wp-block-image size-large\"><a href=\"https:\/\/youthspain.com\/?page_id=299\"><img loading=\"lazy\" decoding=\"async\" width=\"1920\" height=\"1920\" data-id=\"301\" src=\"https:\/\/youthspain.com\/wp-content\/uploads\/2022\/05\/pic-scaled-e1654013624615.jpg\" alt=\"\" class=\"wp-image-301\" srcset=\"https:\/\/youthspain.com\/wp-content\/uploads\/2022\/05\/pic-scaled-e1654013624615.jpg 1920w, https:\/\/youthspain.com\/wp-content\/uploads\/2022\/05\/pic-scaled-e1654013624615-300x300.jpg 300w, https:\/\/youthspain.com\/wp-content\/uploads\/2022\/05\/pic-scaled-e1654013624615-1024x1024.jpg 1024w, https:\/\/youthspain.com\/wp-content\/uploads\/2022\/05\/pic-scaled-e1654013624615-150x150.jpg 150w, https:\/\/youthspain.com\/wp-content\/uploads\/2022\/05\/pic-scaled-e1654013624615-768x768.jpg 768w, https:\/\/youthspain.com\/wp-content\/uploads\/2022\/05\/pic-scaled-e1654013624615-1536x1536.jpg 1536w\" sizes=\"auto, (max-width: 1920px) 100vw, 1920px\" \/><\/a><figcaption class=\"wp-element-caption\">Ant\u00f3n Reboredo<\/figcaption><\/figure>\n\n\n\n<figure class=\"wp-block-image size-large\"><a href=\"https:\/\/youthspain.com\/?page_id=433\"><img loading=\"lazy\" decoding=\"async\" width=\"1022\" height=\"1024\" data-id=\"412\" src=\"https:\/\/youthspain.com\/wp-content\/uploads\/2023\/07\/WhatsApp-Image-2023-02-20-at-00.21.07-e1689408984542-1022x1024.jpg\" alt=\"\" class=\"wp-image-412\" srcset=\"https:\/\/youthspain.com\/wp-content\/uploads\/2023\/07\/WhatsApp-Image-2023-02-20-at-00.21.07-e1689408984542-1022x1024.jpg 1022w, https:\/\/youthspain.com\/wp-content\/uploads\/2023\/07\/WhatsApp-Image-2023-02-20-at-00.21.07-e1689408984542-300x300.jpg 300w, https:\/\/youthspain.com\/wp-content\/uploads\/2023\/07\/WhatsApp-Image-2023-02-20-at-00.21.07-e1689408984542-150x150.jpg 150w, https:\/\/youthspain.com\/wp-content\/uploads\/2023\/07\/WhatsApp-Image-2023-02-20-at-00.21.07-e1689408984542-768x769.jpg 768w, https:\/\/youthspain.com\/wp-content\/uploads\/2023\/07\/WhatsApp-Image-2023-02-20-at-00.21.07-e1689408984542.jpg 1278w\" sizes=\"auto, (max-width: 1022px) 100vw, 1022px\" \/><\/a><figcaption class=\"wp-element-caption\">Mar\u00eda Virginia Iliuta<\/figcaption><\/figure>\n\n\n\n<figure class=\"wp-block-image size-large\"><a href=\"https:\/\/youthspain.com\/?page_id=248\"><img loading=\"lazy\" decoding=\"async\" width=\"1024\" height=\"1024\" data-id=\"174\" src=\"https:\/\/youthspain.com\/wp-content\/uploads\/2022\/03\/WhatsApp-Image-2021-12-17-at-1.28.23-AM-e1647457715534-1024x1024.jpg\" alt=\"\" class=\"wp-image-174\" srcset=\"https:\/\/youthspain.com\/wp-content\/uploads\/2022\/03\/WhatsApp-Image-2021-12-17-at-1.28.23-AM-e1647457715534-1024x1024.jpg 1024w, https:\/\/youthspain.com\/wp-content\/uploads\/2022\/03\/WhatsApp-Image-2021-12-17-at-1.28.23-AM-e1647457715534-300x300.jpg 300w, https:\/\/youthspain.com\/wp-content\/uploads\/2022\/03\/WhatsApp-Image-2021-12-17-at-1.28.23-AM-e1647457715534-150x150.jpg 150w, https:\/\/youthspain.com\/wp-content\/uploads\/2022\/03\/WhatsApp-Image-2021-12-17-at-1.28.23-AM-e1647457715534-768x768.jpg 768w, https:\/\/youthspain.com\/wp-content\/uploads\/2022\/03\/WhatsApp-Image-2021-12-17-at-1.28.23-AM-e1647457715534.jpg 1233w\" sizes=\"auto, (max-width: 1024px) 100vw, 1024px\" \/><\/a><figcaption class=\"wp-element-caption\">Alejandro de Andr\u00e9s<\/figcaption><\/figure>\n\n\n\n<figure class=\"wp-block-image size-large\"><a href=\"https:\/\/youthspain.com\/?page_id=437\"><img loading=\"lazy\" decoding=\"async\" width=\"1024\" height=\"1024\" data-id=\"422\" src=\"https:\/\/youthspain.com\/wp-content\/uploads\/2023\/07\/Massa-e1689409673788-1024x1024.jpg\" alt=\"\" class=\"wp-image-422\" srcset=\"https:\/\/youthspain.com\/wp-content\/uploads\/2023\/07\/Massa-e1689409673788-1024x1024.jpg 1024w, https:\/\/youthspain.com\/wp-content\/uploads\/2023\/07\/Massa-e1689409673788-300x300.jpg 300w, https:\/\/youthspain.com\/wp-content\/uploads\/2023\/07\/Massa-e1689409673788-150x150.jpg 150w, https:\/\/youthspain.com\/wp-content\/uploads\/2023\/07\/Massa-e1689409673788-768x768.jpg 768w, https:\/\/youthspain.com\/wp-content\/uploads\/2023\/07\/Massa-e1689409673788.jpg 1536w\" sizes=\"auto, (max-width: 1024px) 100vw, 1024px\" \/><\/a><figcaption class=\"wp-element-caption\">Miguel Massa<\/figcaption><\/figure>\n\n\n\n<figure class=\"wp-block-image size-large\"><a href=\"https:\/\/youthspain.com\/?page_id=285\"><img loading=\"lazy\" decoding=\"async\" width=\"610\" height=\"610\" data-id=\"496\" src=\"https:\/\/youthspain.com\/wp-content\/uploads\/2023\/12\/IMG_7509-e1703849183322-edited-1.jpg\" alt=\"\" class=\"wp-image-496\" srcset=\"https:\/\/youthspain.com\/wp-content\/uploads\/2023\/12\/IMG_7509-e1703849183322-edited-1.jpg 610w, https:\/\/youthspain.com\/wp-content\/uploads\/2023\/12\/IMG_7509-e1703849183322-edited-1-300x300.jpg 300w, https:\/\/youthspain.com\/wp-content\/uploads\/2023\/12\/IMG_7509-e1703849183322-edited-1-150x150.jpg 150w\" sizes=\"auto, (max-width: 610px) 100vw, 610px\" \/><\/a><figcaption class=\"wp-element-caption\">Leticia Garay<\/figcaption><\/figure>\n\n\n\n<figure class=\"wp-block-image size-large\"><a href=\"https:\/\/youthspain.com\/?page_id=233\"><img loading=\"lazy\" decoding=\"async\" width=\"1199\" height=\"1200\" data-id=\"231\" src=\"https:\/\/youthspain.com\/wp-content\/uploads\/2022\/03\/WhatsApp-Image-2022-03-02-at-11.54.59-AM-e1647513540527.jpg\" alt=\"\" class=\"wp-image-231\" srcset=\"https:\/\/youthspain.com\/wp-content\/uploads\/2022\/03\/WhatsApp-Image-2022-03-02-at-11.54.59-AM-e1647513540527.jpg 1199w, https:\/\/youthspain.com\/wp-content\/uploads\/2022\/03\/WhatsApp-Image-2022-03-02-at-11.54.59-AM-e1647513540527-300x300.jpg 300w, https:\/\/youthspain.com\/wp-content\/uploads\/2022\/03\/WhatsApp-Image-2022-03-02-at-11.54.59-AM-e1647513540527-1024x1024.jpg 1024w, https:\/\/youthspain.com\/wp-content\/uploads\/2022\/03\/WhatsApp-Image-2022-03-02-at-11.54.59-AM-e1647513540527-150x150.jpg 150w, https:\/\/youthspain.com\/wp-content\/uploads\/2022\/03\/WhatsApp-Image-2022-03-02-at-11.54.59-AM-e1647513540527-768x769.jpg 768w\" sizes=\"auto, (max-width: 1199px) 100vw, 1199px\" \/><\/a><figcaption class=\"wp-element-caption\">Gabriel L\u00f3pez<\/figcaption><\/figure>\n\n\n\n<figure class=\"wp-block-image size-large\"><a href=\"https:\/\/youthspain.com\/?page_id=263\"><img loading=\"lazy\" decoding=\"async\" width=\"855\" height=\"855\" data-id=\"261\" src=\"https:\/\/youthspain.com\/wp-content\/uploads\/2022\/03\/IMG-20220328-WA0027-e1648631074356.jpg\" alt=\"\" class=\"wp-image-261\" srcset=\"https:\/\/youthspain.com\/wp-content\/uploads\/2022\/03\/IMG-20220328-WA0027-e1648631074356.jpg 855w, https:\/\/youthspain.com\/wp-content\/uploads\/2022\/03\/IMG-20220328-WA0027-e1648631074356-300x300.jpg 300w, https:\/\/youthspain.com\/wp-content\/uploads\/2022\/03\/IMG-20220328-WA0027-e1648631074356-150x150.jpg 150w, https:\/\/youthspain.com\/wp-content\/uploads\/2022\/03\/IMG-20220328-WA0027-e1648631074356-768x768.jpg 768w\" sizes=\"auto, (max-width: 855px) 100vw, 855px\" \/><\/a><figcaption class=\"wp-element-caption\">Paula Rosignoli<\/figcaption><\/figure>\n\n\n\n<figure class=\"wp-block-image size-large\"><a href=\"https:\/\/youthspain.com\/?page_id=217\"><img loading=\"lazy\" decoding=\"async\" width=\"2530\" height=\"2560\" data-id=\"171\" src=\"https:\/\/youthspain.com\/wp-content\/uploads\/2022\/03\/20220214_000525-scaled.jpg\" alt=\"\" class=\"wp-image-171\" srcset=\"https:\/\/youthspain.com\/wp-content\/uploads\/2022\/03\/20220214_000525-scaled.jpg 2530w, https:\/\/youthspain.com\/wp-content\/uploads\/2022\/03\/20220214_000525-297x300.jpg 297w, https:\/\/youthspain.com\/wp-content\/uploads\/2022\/03\/20220214_000525-1012x1024.jpg 1012w, https:\/\/youthspain.com\/wp-content\/uploads\/2022\/03\/20220214_000525-768x777.jpg 768w, https:\/\/youthspain.com\/wp-content\/uploads\/2022\/03\/20220214_000525-1518x1536.jpg 1518w, https:\/\/youthspain.com\/wp-content\/uploads\/2022\/03\/20220214_000525-2024x2048.jpg 2024w\" sizes=\"auto, (max-width: 2530px) 100vw, 2530px\" \/><\/a><figcaption class=\"wp-element-caption\">Javier Balb\u00e1s<\/figcaption><\/figure>\n\n\n\n<figure class=\"wp-block-image size-large\"><a href=\"https:\/\/www.instagram.com\/p\/CDWHWB3iN4a\/\"><img loading=\"lazy\" decoding=\"async\" width=\"766\" height=\"767\" data-id=\"351\" src=\"https:\/\/youthspain.com\/wp-content\/uploads\/2022\/09\/Jesus-Morillas.jpg\" alt=\"\" class=\"wp-image-351\" srcset=\"https:\/\/youthspain.com\/wp-content\/uploads\/2022\/09\/Jesus-Morillas.jpg 766w, https:\/\/youthspain.com\/wp-content\/uploads\/2022\/09\/Jesus-Morillas-300x300.jpg 300w, https:\/\/youthspain.com\/wp-content\/uploads\/2022\/09\/Jesus-Morillas-150x150.jpg 150w\" sizes=\"auto, (max-width: 766px) 100vw, 766px\" \/><\/a><figcaption class=\"wp-element-caption\">Jes\u00fas Morillas<\/figcaption><\/figure>\n\n\n\n<figure class=\"wp-block-image size-large\"><a href=\"https:\/\/www.instagram.com\/p\/CDZMWptCGgr\/\"><img loading=\"lazy\" decoding=\"async\" width=\"936\" height=\"936\" data-id=\"348\" src=\"https:\/\/youthspain.com\/wp-content\/uploads\/2022\/09\/Carlos-Bello.jpg\" alt=\"\" class=\"wp-image-348\" srcset=\"https:\/\/youthspain.com\/wp-content\/uploads\/2022\/09\/Carlos-Bello.jpg 936w, https:\/\/youthspain.com\/wp-content\/uploads\/2022\/09\/Carlos-Bello-300x300.jpg 300w, https:\/\/youthspain.com\/wp-content\/uploads\/2022\/09\/Carlos-Bello-150x150.jpg 150w, https:\/\/youthspain.com\/wp-content\/uploads\/2022\/09\/Carlos-Bello-768x768.jpg 768w\" sizes=\"auto, (max-width: 936px) 100vw, 936px\" \/><\/a><figcaption class=\"wp-element-caption\">Carlos Bello<\/figcaption><\/figure>\n\n\n\n<figure class=\"wp-block-image size-large\"><a href=\"https:\/\/www.instagram.com\/p\/CDR42CECLnp\/\"><img loading=\"lazy\" decoding=\"async\" width=\"682\" height=\"681\" data-id=\"349\" src=\"https:\/\/youthspain.com\/wp-content\/uploads\/2022\/09\/Claudia-Martinez.jpg\" alt=\"\" class=\"wp-image-349\" srcset=\"https:\/\/youthspain.com\/wp-content\/uploads\/2022\/09\/Claudia-Martinez.jpg 682w, https:\/\/youthspain.com\/wp-content\/uploads\/2022\/09\/Claudia-Martinez-300x300.jpg 300w, https:\/\/youthspain.com\/wp-content\/uploads\/2022\/09\/Claudia-Martinez-150x150.jpg 150w\" sizes=\"auto, (max-width: 682px) 100vw, 682px\" \/><\/a><figcaption class=\"wp-element-caption\">Claudia Mart\u00ednez<\/figcaption><\/figure>\n\n\n\n<figure class=\"wp-block-image size-large\"><a href=\"https:\/\/youthspain.com\/?page_id=354\"><img loading=\"lazy\" decoding=\"async\" width=\"1019\" height=\"1019\" data-id=\"352\" src=\"https:\/\/youthspain.com\/wp-content\/uploads\/2022\/09\/Mikel-Berlanga.jpg\" alt=\"\" class=\"wp-image-352\" srcset=\"https:\/\/youthspain.com\/wp-content\/uploads\/2022\/09\/Mikel-Berlanga.jpg 1019w, https:\/\/youthspain.com\/wp-content\/uploads\/2022\/09\/Mikel-Berlanga-300x300.jpg 300w, https:\/\/youthspain.com\/wp-content\/uploads\/2022\/09\/Mikel-Berlanga-150x150.jpg 150w, https:\/\/youthspain.com\/wp-content\/uploads\/2022\/09\/Mikel-Berlanga-768x768.jpg 768w\" sizes=\"auto, (max-width: 1019px) 100vw, 1019px\" \/><\/a><figcaption class=\"wp-element-caption\">Mikel Berlanga<\/figcaption><\/figure>\n\n\n\n<figure class=\"wp-block-image size-large\"><a href=\"https:\/\/www.instagram.com\/p\/CDTrv9HC3f7\/\"><img loading=\"lazy\" decoding=\"async\" width=\"1001\" height=\"1001\" data-id=\"353\" src=\"https:\/\/youthspain.com\/wp-content\/uploads\/2022\/09\/Pablo-Ortega.jpg\" alt=\"\" class=\"wp-image-353\" srcset=\"https:\/\/youthspain.com\/wp-content\/uploads\/2022\/09\/Pablo-Ortega.jpg 1001w, https:\/\/youthspain.com\/wp-content\/uploads\/2022\/09\/Pablo-Ortega-300x300.jpg 300w, https:\/\/youthspain.com\/wp-content\/uploads\/2022\/09\/Pablo-Ortega-150x150.jpg 150w, https:\/\/youthspain.com\/wp-content\/uploads\/2022\/09\/Pablo-Ortega-768x768.jpg 768w\" sizes=\"auto, (max-width: 1001px) 100vw, 1001px\" \/><\/a><figcaption class=\"wp-element-caption\">Pablo Ortega<\/figcaption><\/figure>\n\n\n\n<figure class=\"wp-block-image size-large\"><a href=\"https:\/\/www.instagram.com\/p\/CDT6Oj9CtUj\/\"><img loading=\"lazy\" decoding=\"async\" width=\"1424\" height=\"1426\" data-id=\"350\" src=\"https:\/\/youthspain.com\/wp-content\/uploads\/2022\/09\/David-Gonzalez.jpg\" alt=\"\" class=\"wp-image-350\" srcset=\"https:\/\/youthspain.com\/wp-content\/uploads\/2022\/09\/David-Gonzalez.jpg 1424w, https:\/\/youthspain.com\/wp-content\/uploads\/2022\/09\/David-Gonzalez-300x300.jpg 300w, https:\/\/youthspain.com\/wp-content\/uploads\/2022\/09\/David-Gonzalez-1024x1024.jpg 1024w, https:\/\/youthspain.com\/wp-content\/uploads\/2022\/09\/David-Gonzalez-150x150.jpg 150w, https:\/\/youthspain.com\/wp-content\/uploads\/2022\/09\/David-Gonzalez-768x769.jpg 768w\" sizes=\"auto, (max-width: 1424px) 100vw, 1424px\" \/><\/a><figcaption class=\"wp-element-caption\">David Gonz\u00e1lez<\/figcaption><\/figure>\n<\/figure>\n\n\n\n<p><\/p>\n","protected":false},"excerpt":{"rendered":"<p>La Delegaci\u00f3n Espa\u00f1ola en la Youth Assembly cuenta con un amplio recorrido repleto de magn\u00edficos delegados que, durante a\u00f1os, han participado en las distintas sesiones de esta prestigiosa asamblea. Alguno de ellos han presentado, de mano de la delegaci\u00f3n, grandes proyectos con una alta implicaci\u00f3n a nivel nacional e internacionalm, [&hellip;]<\/p>\n","protected":false},"author":1,"featured_media":472,"parent":0,"menu_order":0,"comment_status":"closed","ping_status":"closed","template":"","meta":{"footnotes":""},"class_list":["post-347","page","type-page","status-publish","has-post-thumbnail","hentry"],"jetpack_sharing_enabled":true,"_links":{"self":[{"href":"https:\/\/youthspain.com\/index.php?rest_route=\/wp\/v2\/pages\/347","targetHints":{"allow":["GET"]}}],"collection":[{"href":"https:\/\/youthspain.com\/index.php?rest_route=\/wp\/v2\/pages"}],"about":[{"href":"https:\/\/youthspain.com\/index.php?rest_route=\/wp\/v2\/types\/page"}],"author":[{"embeddable":true,"href":"https:\/\/youthspain.com\/index.php?rest_route=\/wp\/v2\/users\/1"}],"replies":[{"embeddable":true,"href":"https:\/\/youthspain.com\/index.php?rest_route=%2Fwp%2Fv2%2Fcomments&post=347"}],"version-history":[{"count":15,"href":"https:\/\/youthspain.com\/index.php?rest_route=\/wp\/v2\/pages\/347\/revisions"}],"predecessor-version":[{"id":573,"href":"https:\/\/youthspain.com\/index.php?rest_route=\/wp\/v2\/pages\/347\/revisions\/573"}],"wp:featuredmedia":[{"embeddable":true,"href":"https:\/\/youthspain.com\/index.php?rest_route=\/wp\/v2\/media\/472"}],"wp:attachment":[{"href":"https:\/\/youthspain.com\/index.php?rest_route=%2Fwp%2Fv2%2Fmedia&parent=347"}],"curies":[{"name":"wp","href":"https:\/\/api.w.org\/{rel}","templated":true}]}}