{"id":433,"date":"2023-07-15T08:54:10","date_gmt":"2023-07-15T08:54:10","guid":{"rendered":"https:\/\/youthspain.com\/?page_id=433"},"modified":"2023-07-15T08:54:17","modified_gmt":"2023-07-15T08:54:17","slug":"maria-virginia-iliuta","status":"publish","type":"page","link":"https:\/\/youthspain.com\/?page_id=433","title":{"rendered":"Mar\u00eda Virginia Iliuta"},"content":{"rendered":"\n<p>Delegada en la 28\u00ba Youth Assembly,\u00a0<a href=\"https:\/\/www.instagram.com\/marialaqcanta\/\">@marialaqcanta<\/a>\u00a0es una estudiante de tercer a\u00f1o del doble grado en Estudios Internacionales y Ciencias Pol\u00edticas en la Universidad Carlos III de Madrid. Con inquietudes siempre presentes sobre el funcionamiento de las Relaciones Internacionales, comenz\u00f3 participando en Modelos de Naciones Unidas en el comienzo de su etapa universitaria y desde entonces, han formado parte de su formaci\u00f3n acad\u00e9mica al ser el descubrimiento de una pasi\u00f3n m\u00e1s. Entre sus intereses, est\u00e1 la pol\u00edtica a nivel europeo e internacional y los asuntos de migraci\u00f3n, entre otros. Actualmente es subdirectora de la vocal\u00eda de Naciones Unidas de la Asociaci\u00f3n para las Naciones Unidas y el Derecho Internacional, a trav\u00e9s de la cual ha podido llevar a cabo interesantes proyectos, y espera para el futuro poder seguir aportando su esfuerzo y trabajo en iniciativas que el d\u00eda de ma\u00f1ana puedan generar un cambio en la sociedad.<\/p>\n\n\n\n<figure class=\"wp-block-image size-large\"><img loading=\"lazy\" decoding=\"async\" width=\"1022\" height=\"1024\" src=\"https:\/\/youthspain.com\/wp-content\/uploads\/2023\/07\/WhatsApp-Image-2023-02-20-at-00.21.07-e1689408984542-1022x1024.jpg\" alt=\"\" class=\"wp-image-412\" srcset=\"https:\/\/youthspain.com\/wp-content\/uploads\/2023\/07\/WhatsApp-Image-2023-02-20-at-00.21.07-e1689408984542-1022x1024.jpg 1022w, https:\/\/youthspain.com\/wp-content\/uploads\/2023\/07\/WhatsApp-Image-2023-02-20-at-00.21.07-e1689408984542-300x300.jpg 300w, https:\/\/youthspain.com\/wp-content\/uploads\/2023\/07\/WhatsApp-Image-2023-02-20-at-00.21.07-e1689408984542-150x150.jpg 150w, https:\/\/youthspain.com\/wp-content\/uploads\/2023\/07\/WhatsApp-Image-2023-02-20-at-00.21.07-e1689408984542-768x769.jpg 768w, https:\/\/youthspain.com\/wp-content\/uploads\/2023\/07\/WhatsApp-Image-2023-02-20-at-00.21.07-e1689408984542.jpg 1278w\" sizes=\"auto, (max-width: 1022px) 100vw, 1022px\" \/><figcaption class=\"wp-element-caption\">Mar\u00eda Virginia Iliuta<\/figcaption><\/figure>\n","protected":false},"excerpt":{"rendered":"<p>Delegada en la 28\u00ba Youth Assembly,\u00a0@marialaqcanta\u00a0es una estudiante de tercer a\u00f1o del doble grado en Estudios Internacionales y Ciencias Pol\u00edticas en la Universidad Carlos III de Madrid. Con inquietudes siempre presentes sobre el funcionamiento de las Relaciones Internacionales, comenz\u00f3 participando en Modelos de Naciones Unidas en el comienzo de su [&hellip;]<\/p>\n","protected":false},"author":1,"featured_media":190,"parent":0,"menu_order":0,"comment_status":"closed","ping_status":"closed","template":"","meta":{"footnotes":""},"class_list":["post-433","page","type-page","status-publish","has-post-thumbnail","hentry"],"jetpack_sharing_enabled":true,"_links":{"self":[{"href":"https:\/\/youthspain.com\/index.php?rest_route=\/wp\/v2\/pages\/433","targetHints":{"allow":["GET"]}}],"collection":[{"href":"https:\/\/youthspain.com\/index.php?rest_route=\/wp\/v2\/pages"}],"about":[{"href":"https:\/\/youthspain.com\/index.php?rest_route=\/wp\/v2\/types\/page"}],"author":[{"embeddable":true,"href":"https:\/\/youthspain.com\/index.php?rest_route=\/wp\/v2\/users\/1"}],"replies":[{"embeddable":true,"href":"https:\/\/youthspain.com\/index.php?rest_route=%2Fwp%2Fv2%2Fcomments&post=433"}],"version-history":[{"count":1,"href":"https:\/\/youthspain.com\/index.php?rest_route=\/wp\/v2\/pages\/433\/revisions"}],"predecessor-version":[{"id":434,"href":"https:\/\/youthspain.com\/index.php?rest_route=\/wp\/v2\/pages\/433\/revisions\/434"}],"wp:featuredmedia":[{"embeddable":true,"href":"https:\/\/youthspain.com\/index.php?rest_route=\/wp\/v2\/media\/190"}],"wp:attachment":[{"href":"https:\/\/youthspain.com\/index.php?rest_route=%2Fwp%2Fv2%2Fmedia&parent=433"}],"curies":[{"name":"wp","href":"https:\/\/api.w.org\/{rel}","templated":true}]}}