{"id":437,"date":"2023-07-15T08:58:18","date_gmt":"2023-07-15T08:58:18","guid":{"rendered":"https:\/\/youthspain.com\/?page_id=437"},"modified":"2024-01-31T16:56:34","modified_gmt":"2024-01-31T16:56:34","slug":"miguel-massa","status":"publish","type":"page","link":"https:\/\/youthspain.com\/?page_id=437","title":{"rendered":"Miguel Massa"},"content":{"rendered":"\n<p>Delegado en la 28\u00ba Youth Assembly,\u00a0<a href=\"https:\/\/www.instagram.com\/miguelmassa19\/\">@miguelmassa19<\/a> es graduado en Ingenier\u00eda Mec\u00e1nica en la Universidad Antonio de Nebrija, actualmente trabajando como T\u00e9cnico de Instalaciones en CEMOSA y ser\u00e1 delegado espa\u00f1ol en la 29\u00aa Youth Assembly.<\/p>\n\n\n\n<p>Miguel ha participado en numerosas actividades para paliar con las desigualdades, dando alimentos a personas sin hogar, recogiendo alimentos o asistiendo a hospitales visitando a enfermos.<\/p>\n\n\n\n<p>Algunas de las fundaciones con las que ha colaborado han sido la Fundaci\u00f3n Atl\u00e9tico de Madrid, Asociaci\u00f3n de Colegios Mayores o Pick-Up Solidaridad.<\/p>\n\n\n\n<figure class=\"wp-block-image size-large\"><img loading=\"lazy\" decoding=\"async\" width=\"1024\" height=\"1024\" src=\"https:\/\/youthspain.com\/wp-content\/uploads\/2024\/01\/IMG_8664-e1706720102135-1024x1024.jpeg\" alt=\"\" class=\"wp-image-531\" srcset=\"https:\/\/youthspain.com\/wp-content\/uploads\/2024\/01\/IMG_8664-e1706720102135-1024x1024.jpeg 1024w, https:\/\/youthspain.com\/wp-content\/uploads\/2024\/01\/IMG_8664-e1706720102135-300x300.jpeg 300w, https:\/\/youthspain.com\/wp-content\/uploads\/2024\/01\/IMG_8664-e1706720102135-150x150.jpeg 150w, https:\/\/youthspain.com\/wp-content\/uploads\/2024\/01\/IMG_8664-e1706720102135-768x768.jpeg 768w, https:\/\/youthspain.com\/wp-content\/uploads\/2024\/01\/IMG_8664-e1706720102135.jpeg 1500w\" sizes=\"auto, (max-width: 1024px) 100vw, 1024px\" \/><figcaption class=\"wp-element-caption\">Miguel Massa<\/figcaption><\/figure>\n","protected":false},"excerpt":{"rendered":"<p>Delegado en la 28\u00ba Youth Assembly,\u00a0@miguelmassa19 es graduado en Ingenier\u00eda Mec\u00e1nica en la Universidad Antonio de Nebrija, actualmente trabajando como T\u00e9cnico de Instalaciones en CEMOSA y ser\u00e1 delegado espa\u00f1ol en la 29\u00aa Youth Assembly. Miguel ha participado en numerosas actividades para paliar con las desigualdades, dando alimentos a personas sin [&hellip;]<\/p>\n","protected":false},"author":1,"featured_media":190,"parent":0,"menu_order":0,"comment_status":"closed","ping_status":"closed","template":"","meta":{"footnotes":""},"class_list":["post-437","page","type-page","status-publish","has-post-thumbnail","hentry"],"jetpack_sharing_enabled":true,"_links":{"self":[{"href":"https:\/\/youthspain.com\/index.php?rest_route=\/wp\/v2\/pages\/437","targetHints":{"allow":["GET"]}}],"collection":[{"href":"https:\/\/youthspain.com\/index.php?rest_route=\/wp\/v2\/pages"}],"about":[{"href":"https:\/\/youthspain.com\/index.php?rest_route=\/wp\/v2\/types\/page"}],"author":[{"embeddable":true,"href":"https:\/\/youthspain.com\/index.php?rest_route=\/wp\/v2\/users\/1"}],"replies":[{"embeddable":true,"href":"https:\/\/youthspain.com\/index.php?rest_route=%2Fwp%2Fv2%2Fcomments&post=437"}],"version-history":[{"count":2,"href":"https:\/\/youthspain.com\/index.php?rest_route=\/wp\/v2\/pages\/437\/revisions"}],"predecessor-version":[{"id":532,"href":"https:\/\/youthspain.com\/index.php?rest_route=\/wp\/v2\/pages\/437\/revisions\/532"}],"wp:featuredmedia":[{"embeddable":true,"href":"https:\/\/youthspain.com\/index.php?rest_route=\/wp\/v2\/media\/190"}],"wp:attachment":[{"href":"https:\/\/youthspain.com\/index.php?rest_route=%2Fwp%2Fv2%2Fmedia&parent=437"}],"curies":[{"name":"wp","href":"https:\/\/api.w.org\/{rel}","templated":true}]}}